{"id":2467,"date":"2023-02-13T12:41:00","date_gmt":"2023-02-13T12:41:00","guid":{"rendered":"https:\/\/eventscollection.ma\/?page_id=2467"},"modified":"2023-03-20T11:34:58","modified_gmt":"2023-03-20T11:34:58","slug":"materiel-eclairage","status":"publish","type":"page","link":"https:\/\/eventscollection.ma\/en\/materiel-eclairage\/","title":{"rendered":"Mat\u00e9riel \u00e9clairage"},"content":{"rendered":"<div data-elementor-type=\"wp-page\" data-elementor-id=\"2467\" class=\"elementor elementor-2467\" data-elementor-settings=\"{&quot;ha_cmc_init_switcher&quot;:&quot;no&quot;}\" data-elementor-post-type=\"page\">\n\t\t\t\t\t\t<section class=\"elementor-section elementor-top-section elementor-element elementor-element-6307d42 elementor-section-full_width elementor-section-height-default elementor-section-height-default\" data-id=\"6307d42\" data-element_type=\"section\" data-settings=\"{&quot;_ha_eqh_enable&quot;:false}\">\n\t\t\t\t\t\t<div class=\"elementor-container elementor-column-gap-default\">\n\t\t\t\t\t<div class=\"elementor-column elementor-col-100 elementor-top-column elementor-element elementor-element-a329a4c\" data-id=\"a329a4c\" data-element_type=\"column\" data-settings=\"{&quot;background_background&quot;:&quot;classic&quot;}\">\n\t\t\t<div class=\"elementor-widget-wrap elementor-element-populated\">\n\t\t\t\t\t\t<div class=\"elementor-element elementor-element-3a01994 eael-dual-header-content-align-center elementor-widget elementor-widget-eael-dual-color-header\" data-id=\"3a01994\" data-element_type=\"widget\" data-widget_type=\"eael-dual-color-header.default\">\n\t\t\t\t<div class=\"elementor-widget-container\">\n\t\t\t\t\t\t<div class=\"eael-dual-header\">\n\t\t\t\t<h2 class=\"title eael-dch-title\"><span class=\"eael-dch-title-text eael-dch-title-lead lead solid-color\">Mat\u00e9riel <\/span> <span class=\"eael-dch-title-text\">\u00e9clairage<\/span><\/h2>\t\t\t\t\t<span class=\"subtext\"><h3 class=\"h1-stl mt fsm_h1 fusion-responsive-typography-calculated\" data-fontsize=\"30\" data-lineheight=\"34.20000076293945px\">EVENTSCOLLECTION : <span class=\"color1\">votre sp\u00e9cialiste en vente de mat\u00e9riel d&rsquo;\u00e9clairage \u00e0 Marrakech<\/span><\/h3><p>Vous cherchez du mat\u00e9riel d&rsquo;\u00e9clairage de qualit\u00e9 pour illuminer votre int\u00e9rieur ou votre ext\u00e9rieur ? Notre boutique en ligne propose une large s\u00e9lection de luminaires design, modernes ou classiques, adapt\u00e9s \u00e0 tous les go\u00fbts et \u00e0 tous les budgets.<br \/><br \/>Que vous soyez \u00e0 la recherche d&rsquo;ampoules LED, de lustres, de spots encastrables ou de lampes de jardin, nous avons ce qu&rsquo;il vous faut. Tous nos produits sont de haute qualit\u00e9, durables et \u00e9co\u00e9nerg\u00e9tiques, ce qui vous permettra de r\u00e9duire votre consommation d&rsquo;\u00e9nergie tout en profitant d&rsquo;un \u00e9clairage optimal.<br \/><br \/>En plus de notre large choix de produits, nous offrons \u00e9galement un service de conseil personnalis\u00e9 pour vous aider \u00e0 choisir le meilleur \u00e9clairage en fonction de vos besoins et de votre budget.<br \/><br \/>Commandez d\u00e8s maintenant en ligne et profitez de la livraison rapide et gratuite. Nous sommes convaincus que vous serez satisfait de votre achat et que vous reviendrez chez nous pour tous vos besoins en mat\u00e9riel d&rsquo;\u00e9clairage.<\/p><\/span>\n\t\t\t\t\t\t\t\t\t<span class=\"eael-dch-svg-icon\"><\/span>\t\t\t\t\t\t\t<\/div>\n\n\t\t\t\t<\/div>\n\t\t\t\t<\/div>\n\t\t\t\t\t<\/div>\n\t\t<\/div>\n\t\t\t\t\t<\/div>\n\t\t<\/section>\n\t\t\t\t<section class=\"elementor-section elementor-top-section elementor-element elementor-element-32768c2 elementor-section-boxed elementor-section-height-default elementor-section-height-default\" data-id=\"32768c2\" data-element_type=\"section\" data-settings=\"{&quot;background_background&quot;:&quot;classic&quot;,&quot;_ha_eqh_enable&quot;:false}\">\n\t\t\t\t\t\t<div class=\"elementor-container elementor-column-gap-default\">\n\t\t\t\t\t<div class=\"elementor-column elementor-col-100 elementor-top-column elementor-element elementor-element-eaec5d2\" data-id=\"eaec5d2\" data-element_type=\"column\">\n\t\t\t<div class=\"elementor-widget-wrap elementor-element-populated\">\n\t\t\t\t\t\t<div class=\"elementor-element elementor-element-7129556 elementor-widget elementor-widget-gallery\" data-id=\"7129556\" data-element_type=\"widget\" data-settings=\"{&quot;lazyload&quot;:&quot;yes&quot;,&quot;gallery_layout&quot;:&quot;grid&quot;,&quot;columns&quot;:4,&quot;columns_tablet&quot;:2,&quot;columns_mobile&quot;:1,&quot;gap&quot;:{&quot;unit&quot;:&quot;px&quot;,&quot;size&quot;:10,&quot;sizes&quot;:[]},&quot;gap_tablet&quot;:{&quot;unit&quot;:&quot;px&quot;,&quot;size&quot;:10,&quot;sizes&quot;:[]},&quot;gap_mobile&quot;:{&quot;unit&quot;:&quot;px&quot;,&quot;size&quot;:10,&quot;sizes&quot;:[]},&quot;link_to&quot;:&quot;file&quot;,&quot;aspect_ratio&quot;:&quot;3:2&quot;,&quot;overlay_background&quot;:&quot;yes&quot;,&quot;content_hover_animation&quot;:&quot;fade-in&quot;}\" data-widget_type=\"gallery.default\">\n\t\t\t\t<div class=\"elementor-widget-container\">\n\t\t\t\t\t<div class=\"elementor-gallery__container\">\n\t\t\t\t\t\t\t<a class=\"e-gallery-item elementor-gallery-item elementor-animated-content\" href=\"https:\/\/eventscollection.ma\/wp-content\/uploads\/2023\/02\/1512141411Briteq_BT-Theatre_50WW_Black_1.jpeg\" data-elementor-open-lightbox=\"yes\" data-elementor-lightbox-slideshow=\"7129556\" data-elementor-lightbox-title=\"1512141411Briteq_BT-Theatre_50WW_Black_1\" data-e-action-hash=\"#elementor-action%3Aaction%3Dlightbox%26settings%3DeyJpZCI6MjQ3MywidXJsIjoiaHR0cHM6XC9cL2V2ZW50c2NvbGxlY3Rpb24ubWFcL3dwLWNvbnRlbnRcL3VwbG9hZHNcLzIwMjNcLzAyXC8xNTEyMTQxNDExQnJpdGVxX0JULVRoZWF0cmVfNTBXV19CbGFja18xLmpwZWciLCJzbGlkZXNob3ciOiI3MTI5NTU2In0%3D\">\n\t\t\t\t\t<div class=\"e-gallery-image elementor-gallery-item__image\" data-thumbnail=\"https:\/\/eventscollection.ma\/wp-content\/uploads\/2023\/02\/1512141411Briteq_BT-Theatre_50WW_Black_1-300x300.jpeg\" data-width=\"300\" data-height=\"300\" aria-label=\"\" role=\"img\" ><\/div>\n\t\t\t\t\t\t\t\t\t\t\t<div class=\"elementor-gallery-item__overlay\"><\/div>\n\t\t\t\t\t\t\t\t\t\t\t\t\t\t<\/a>\n\t\t\t\t\t\t\t<a class=\"e-gallery-item elementor-gallery-item elementor-animated-content\" href=\"https:\/\/eventscollection.ma\/wp-content\/uploads\/2023\/02\/CLUBSPOT-35W-JB-SYSTEMS.jpeg\" data-elementor-open-lightbox=\"yes\" data-elementor-lightbox-slideshow=\"7129556\" data-elementor-lightbox-title=\"CLUBSPOT 35W JB SYSTEMS\" data-e-action-hash=\"#elementor-action%3Aaction%3Dlightbox%26settings%3DeyJpZCI6MjQ3MiwidXJsIjoiaHR0cHM6XC9cL2V2ZW50c2NvbGxlY3Rpb24ubWFcL3dwLWNvbnRlbnRcL3VwbG9hZHNcLzIwMjNcLzAyXC9DTFVCU1BPVC0zNVctSkItU1lTVEVNUy5qcGVnIiwic2xpZGVzaG93IjoiNzEyOTU1NiJ9\">\n\t\t\t\t\t<div class=\"e-gallery-image elementor-gallery-item__image\" data-thumbnail=\"https:\/\/eventscollection.ma\/wp-content\/uploads\/2023\/02\/CLUBSPOT-35W-JB-SYSTEMS-300x300.jpeg\" data-width=\"300\" data-height=\"300\" aria-label=\"\" role=\"img\" ><\/div>\n\t\t\t\t\t\t\t\t\t\t\t<div class=\"elementor-gallery-item__overlay\"><\/div>\n\t\t\t\t\t\t\t\t\t\t\t\t\t\t<\/a>\n\t\t\t\t\t\t\t<a class=\"e-gallery-item elementor-gallery-item elementor-animated-content\" href=\"https:\/\/eventscollection.ma\/wp-content\/uploads\/2023\/02\/CAM-SPOT-3TW-JB-SYSTEMS-.png\" data-elementor-open-lightbox=\"yes\" data-elementor-lightbox-slideshow=\"7129556\" data-elementor-lightbox-title=\"CAM-SPOT 3TW JB SYSTEMS\" data-e-action-hash=\"#elementor-action%3Aaction%3Dlightbox%26settings%3DeyJpZCI6MjQ2OSwidXJsIjoiaHR0cHM6XC9cL2V2ZW50c2NvbGxlY3Rpb24ubWFcL3dwLWNvbnRlbnRcL3VwbG9hZHNcLzIwMjNcLzAyXC9DQU0tU1BPVC0zVFctSkItU1lTVEVNUy0ucG5nIiwic2xpZGVzaG93IjoiNzEyOTU1NiJ9\">\n\t\t\t\t\t<div class=\"e-gallery-image elementor-gallery-item__image\" data-thumbnail=\"https:\/\/eventscollection.ma\/wp-content\/uploads\/2023\/02\/CAM-SPOT-3TW-JB-SYSTEMS--300x300.png\" data-width=\"300\" data-height=\"300\" aria-label=\"\" role=\"img\" ><\/div>\n\t\t\t\t\t\t\t\t\t\t\t<div class=\"elementor-gallery-item__overlay\"><\/div>\n\t\t\t\t\t\t\t\t\t\t\t\t\t\t<\/a>\n\t\t\t\t\t\t\t<a class=\"e-gallery-item elementor-gallery-item elementor-animated-content\" href=\"https:\/\/eventscollection.ma\/wp-content\/uploads\/2023\/02\/AFX-COB-PAR-50W.jpeg\" data-elementor-open-lightbox=\"yes\" data-elementor-lightbox-slideshow=\"7129556\" data-elementor-lightbox-title=\"AFX-COB PAR 50W\" data-e-action-hash=\"#elementor-action%3Aaction%3Dlightbox%26settings%3DeyJpZCI6MjQ3MCwidXJsIjoiaHR0cHM6XC9cL2V2ZW50c2NvbGxlY3Rpb24ubWFcL3dwLWNvbnRlbnRcL3VwbG9hZHNcLzIwMjNcLzAyXC9BRlgtQ09CLVBBUi01MFcuanBlZyIsInNsaWRlc2hvdyI6IjcxMjk1NTYifQ%3D%3D\">\n\t\t\t\t\t<div class=\"e-gallery-image elementor-gallery-item__image\" data-thumbnail=\"https:\/\/eventscollection.ma\/wp-content\/uploads\/2023\/02\/AFX-COB-PAR-50W-258x300.jpeg\" data-width=\"258\" data-height=\"300\" aria-label=\"\" role=\"img\" ><\/div>\n\t\t\t\t\t\t\t\t\t\t\t<div class=\"elementor-gallery-item__overlay\"><\/div>\n\t\t\t\t\t\t\t\t\t\t\t\t\t\t<\/a>\n\t\t\t\t\t\t\t<a class=\"e-gallery-item elementor-gallery-item elementor-animated-content\" href=\"https:\/\/eventscollection.ma\/wp-content\/uploads\/2023\/02\/WASH-IBIZA-612W-ROLLING-EYE.jpeg\" data-elementor-open-lightbox=\"yes\" data-elementor-lightbox-slideshow=\"7129556\" data-elementor-lightbox-title=\"WASH IBIZA 6*12W ROLLING-EYE\" data-e-action-hash=\"#elementor-action%3Aaction%3Dlightbox%26settings%3DeyJpZCI6MjQ3MSwidXJsIjoiaHR0cHM6XC9cL2V2ZW50c2NvbGxlY3Rpb24ubWFcL3dwLWNvbnRlbnRcL3VwbG9hZHNcLzIwMjNcLzAyXC9XQVNILUlCSVpBLTYxMlctUk9MTElORy1FWUUuanBlZyIsInNsaWRlc2hvdyI6IjcxMjk1NTYifQ%3D%3D\">\n\t\t\t\t\t<div class=\"e-gallery-image elementor-gallery-item__image\" data-thumbnail=\"https:\/\/eventscollection.ma\/wp-content\/uploads\/2023\/02\/WASH-IBIZA-612W-ROLLING-EYE-300x300.jpeg\" data-width=\"300\" data-height=\"300\" aria-label=\"\" role=\"img\" ><\/div>\n\t\t\t\t\t\t\t\t\t\t\t<div class=\"elementor-gallery-item__overlay\"><\/div>\n\t\t\t\t\t\t\t\t\t\t\t\t\t\t<\/a>\n\t\t\t\t\t<\/div>\n\t\t\t<\/div>\n\t\t\t\t<\/div>\n\t\t\t\t\t<\/div>\n\t\t<\/div>\n\t\t\t\t\t<\/div>\n\t\t<\/section>\n\t\t\t\t<\/div>","protected":false},"excerpt":{"rendered":"<p>Mat\u00e9riel \u00e9clairage EVENTSCOLLECTION : votre sp\u00e9cialiste en vente de mat\u00e9riel d&rsquo;\u00e9clairage \u00e0 Marrakech Vous cherchez du mat\u00e9riel d&rsquo;\u00e9clairage de qualit\u00e9 pour illuminer votre int\u00e9rieur ou votre ext\u00e9rieur ? Notre boutique en ligne propose une large s\u00e9lection de luminaires design, modernes ou classiques, adapt\u00e9s \u00e0 tous les go\u00fbts et \u00e0 tous les budgets. Que vous soyez &#8230; <a title=\"Mat\u00e9riel \u00e9clairage\" class=\"read-more\" href=\"https:\/\/eventscollection.ma\/en\/materiel-eclairage\/\" aria-label=\"Read more about Mat\u00e9riel \u00e9clairage\">Read more<\/a><\/p>","protected":false},"author":0,"featured_media":0,"parent":0,"menu_order":0,"comment_status":"closed","ping_status":"closed","template":"","meta":{"footnotes":""},"class_list":["post-2467","page","type-page","status-publish"],"_links":{"self":[{"href":"https:\/\/eventscollection.ma\/en\/wp-json\/wp\/v2\/pages\/2467","targetHints":{"allow":["GET"]}}],"collection":[{"href":"https:\/\/eventscollection.ma\/en\/wp-json\/wp\/v2\/pages"}],"about":[{"href":"https:\/\/eventscollection.ma\/en\/wp-json\/wp\/v2\/types\/page"}],"replies":[{"embeddable":true,"href":"https:\/\/eventscollection.ma\/en\/wp-json\/wp\/v2\/comments?post=2467"}],"version-history":[{"count":0,"href":"https:\/\/eventscollection.ma\/en\/wp-json\/wp\/v2\/pages\/2467\/revisions"}],"wp:attachment":[{"href":"https:\/\/eventscollection.ma\/en\/wp-json\/wp\/v2\/media?parent=2467"}],"curies":[{"name":"wp","href":"https:\/\/api.w.org\/{rel}","templated":true}]}}