{"id":2491,"date":"2023-03-13T17:58:08","date_gmt":"2023-03-13T17:58:08","guid":{"rendered":"https:\/\/eventscollection.ma\/?page_id=2491"},"modified":"2023-03-20T11:08:15","modified_gmt":"2023-03-20T11:08:15","slug":"scene","status":"publish","type":"page","link":"https:\/\/eventscollection.ma\/en\/scene\/","title":{"rendered":"Sc\u00e9ne"},"content":{"rendered":"<div data-elementor-type=\"wp-page\" data-elementor-id=\"2491\" class=\"elementor elementor-2491\" data-elementor-settings=\"{&quot;ha_cmc_init_switcher&quot;:&quot;no&quot;}\" data-elementor-post-type=\"page\">\n\t\t\t\t\t\t<section class=\"elementor-section elementor-top-section elementor-element elementor-element-6307d42 elementor-section-full_width elementor-section-height-default elementor-section-height-default\" data-id=\"6307d42\" data-element_type=\"section\" data-settings=\"{&quot;_ha_eqh_enable&quot;:false}\">\n\t\t\t\t\t\t<div class=\"elementor-container elementor-column-gap-default\">\n\t\t\t\t\t<div class=\"elementor-column elementor-col-100 elementor-top-column elementor-element elementor-element-a329a4c\" data-id=\"a329a4c\" data-element_type=\"column\" data-settings=\"{&quot;background_background&quot;:&quot;classic&quot;}\">\n\t\t\t<div class=\"elementor-widget-wrap elementor-element-populated\">\n\t\t\t\t\t\t<div class=\"elementor-element elementor-element-c3eecb7 eael-dual-header-content-align-center elementor-widget elementor-widget-eael-dual-color-header\" data-id=\"c3eecb7\" data-element_type=\"widget\" data-widget_type=\"eael-dual-color-header.default\">\n\t\t\t\t<div class=\"elementor-widget-container\">\n\t\t\t\t\t\t<div class=\"eael-dual-header\">\n\t\t\t\t<h2 class=\"title eael-dch-title\"><span class=\"eael-dch-title-text eael-dch-title-lead lead solid-color\">Sc\u00e9ne<\/span> <span class=\"eael-dch-title-text\">Evenement<\/span><\/h2>\t\t\t\t\t<span class=\"subtext\"><h3 class=\"h1-stl mt fsm_h1 fusion-responsive-typography-calculated\" data-fontsize=\"30\" data-lineheight=\"34.20000076293945px\">EVENTSCOLLECTION : <span class=\"color1\">votre sp\u00e9cialiste en vente de mat\u00e9riel de sonorisation \u00e0 Marrakech<\/span><\/h3><p class=\"p-slt\">La soci\u00e9t\u00e9 EVENTSCOLLECTION, install\u00e9e \u00e0 Marrakech, est sp\u00e9cialis\u00e9e dans la vente de mat\u00e9riel de sonorisation \u00e0 Marrakech et ses environs.<br \/>Gage de proximit\u00e9, notre \u00e9quipe de professionnels qualifi\u00e9s se met \u00e0 votre disposition partout AU MAROC.<\/p><\/span>\n\t\t\t\t\t\t\t\t\t<span class=\"eael-dch-svg-icon\"><\/span>\t\t\t\t\t\t\t<\/div>\n\n\t\t\t\t<\/div>\n\t\t\t\t<\/div>\n\t\t\t\t\t<\/div>\n\t\t<\/div>\n\t\t\t\t\t<\/div>\n\t\t<\/section>\n\t\t\t\t<section class=\"elementor-section elementor-top-section elementor-element elementor-element-32768c2 elementor-section-boxed elementor-section-height-default elementor-section-height-default\" data-id=\"32768c2\" data-element_type=\"section\" data-settings=\"{&quot;background_background&quot;:&quot;classic&quot;,&quot;_ha_eqh_enable&quot;:false}\">\n\t\t\t\t\t\t<div class=\"elementor-container elementor-column-gap-default\">\n\t\t\t\t\t<div class=\"elementor-column elementor-col-100 elementor-top-column elementor-element elementor-element-eaec5d2\" data-id=\"eaec5d2\" data-element_type=\"column\">\n\t\t\t<div class=\"elementor-widget-wrap elementor-element-populated\">\n\t\t\t\t\t\t<div class=\"elementor-element elementor-element-7129556 elementor-widget elementor-widget-gallery\" data-id=\"7129556\" data-element_type=\"widget\" data-settings=\"{&quot;lazyload&quot;:&quot;yes&quot;,&quot;gallery_layout&quot;:&quot;grid&quot;,&quot;columns&quot;:4,&quot;columns_tablet&quot;:2,&quot;columns_mobile&quot;:1,&quot;gap&quot;:{&quot;unit&quot;:&quot;px&quot;,&quot;size&quot;:10,&quot;sizes&quot;:[]},&quot;gap_tablet&quot;:{&quot;unit&quot;:&quot;px&quot;,&quot;size&quot;:10,&quot;sizes&quot;:[]},&quot;gap_mobile&quot;:{&quot;unit&quot;:&quot;px&quot;,&quot;size&quot;:10,&quot;sizes&quot;:[]},&quot;link_to&quot;:&quot;file&quot;,&quot;aspect_ratio&quot;:&quot;3:2&quot;,&quot;overlay_background&quot;:&quot;yes&quot;,&quot;content_hover_animation&quot;:&quot;fade-in&quot;}\" data-widget_type=\"gallery.default\">\n\t\t\t\t<div class=\"elementor-widget-container\">\n\t\t\t\t\t<div class=\"elementor-gallery__container\">\n\t\t\t\t\t\t\t<a class=\"e-gallery-item elementor-gallery-item elementor-animated-content\" href=\"https:\/\/eventscollection.ma\/wp-content\/uploads\/2022\/01\/eclairage.png\" data-elementor-open-lightbox=\"yes\" data-elementor-lightbox-slideshow=\"7129556\" data-elementor-lightbox-title=\"Votre entreprise de sonorisation Eclairage \u00e0 Marrakech\" data-elementor-lightbox-description=\"Votre entreprise de sonorisation Eclairage \u00e0 Marrakech\" data-e-action-hash=\"#elementor-action%3Aaction%3Dlightbox%26settings%3DeyJpZCI6MTc4NywidXJsIjoiaHR0cHM6XC9cL2V2ZW50c2NvbGxlY3Rpb24ubWFcL3dwLWNvbnRlbnRcL3VwbG9hZHNcLzIwMjJcLzAxXC9lY2xhaXJhZ2UucG5nIiwic2xpZGVzaG93IjoiNzEyOTU1NiJ9\">\n\t\t\t\t\t<div class=\"e-gallery-image elementor-gallery-item__image\" data-thumbnail=\"https:\/\/eventscollection.ma\/wp-content\/uploads\/2022\/01\/eclairage-300x300.png\" data-width=\"300\" data-height=\"300\" aria-label=\"sonorisation Eclairage \u00e0 Marrakech\" role=\"img\" ><\/div>\n\t\t\t\t\t\t\t\t\t\t\t<div class=\"elementor-gallery-item__overlay\"><\/div>\n\t\t\t\t\t\t\t\t\t\t\t\t\t\t<\/a>\n\t\t\t\t\t\t\t<a class=\"e-gallery-item elementor-gallery-item elementor-animated-content\" href=\"https:\/\/eventscollection.ma\/wp-content\/uploads\/2022\/01\/structure.png\" data-elementor-open-lightbox=\"yes\" data-elementor-lightbox-slideshow=\"7129556\" data-elementor-lightbox-title=\"sonorisation Eclairage\" data-e-action-hash=\"#elementor-action%3Aaction%3Dlightbox%26settings%3DeyJpZCI6MTU0OCwidXJsIjoiaHR0cHM6XC9cL2V2ZW50c2NvbGxlY3Rpb24ubWFcL3dwLWNvbnRlbnRcL3VwbG9hZHNcLzIwMjJcLzAxXC9zdHJ1Y3R1cmUucG5nIiwic2xpZGVzaG93IjoiNzEyOTU1NiJ9\">\n\t\t\t\t\t<div class=\"e-gallery-image elementor-gallery-item__image\" data-thumbnail=\"https:\/\/eventscollection.ma\/wp-content\/uploads\/2022\/01\/structure-214x300.png\" data-width=\"214\" data-height=\"300\" aria-label=\"sonorisation Eclairage\" role=\"img\" ><\/div>\n\t\t\t\t\t\t\t\t\t\t\t<div class=\"elementor-gallery-item__overlay\"><\/div>\n\t\t\t\t\t\t\t\t\t\t\t\t\t\t<\/a>\n\t\t\t\t\t\t\t<a class=\"e-gallery-item elementor-gallery-item elementor-animated-content\" href=\"https:\/\/eventscollection.ma\/wp-content\/uploads\/2022\/01\/e\u0301clairage-1.png\" data-elementor-open-lightbox=\"yes\" data-elementor-lightbox-slideshow=\"7129556\" data-elementor-lightbox-title=\"e\u0301clairage\" data-e-action-hash=\"#elementor-action%3Aaction%3Dlightbox%26settings%3DeyJpZCI6MTU1MCwidXJsIjoiaHR0cHM6XC9cL2V2ZW50c2NvbGxlY3Rpb24ubWFcL3dwLWNvbnRlbnRcL3VwbG9hZHNcLzIwMjJcLzAxXC9lXHUwMzAxY2xhaXJhZ2UtMS5wbmciLCJzbGlkZXNob3ciOiI3MTI5NTU2In0%3D\">\n\t\t\t\t\t<div class=\"e-gallery-image elementor-gallery-item__image\" data-thumbnail=\"https:\/\/eventscollection.ma\/wp-content\/uploads\/2022\/01\/e\u0301clairage-1-214x300.png\" data-width=\"214\" data-height=\"300\" aria-label=\"sonorisation Eclairage\" role=\"img\" ><\/div>\n\t\t\t\t\t\t\t\t\t\t\t<div class=\"elementor-gallery-item__overlay\"><\/div>\n\t\t\t\t\t\t\t\t\t\t\t\t\t\t<\/a>\n\t\t\t\t\t\t\t<a class=\"e-gallery-item elementor-gallery-item elementor-animated-content\" href=\"https:\/\/eventscollection.ma\/wp-content\/uploads\/2022\/01\/stand.png\" data-elementor-open-lightbox=\"yes\" data-elementor-lightbox-slideshow=\"7129556\" data-elementor-lightbox-title=\"stand\" data-e-action-hash=\"#elementor-action%3Aaction%3Dlightbox%26settings%3DeyJpZCI6MTc5NSwidXJsIjoiaHR0cHM6XC9cL2V2ZW50c2NvbGxlY3Rpb24ubWFcL3dwLWNvbnRlbnRcL3VwbG9hZHNcLzIwMjJcLzAxXC9zdGFuZC5wbmciLCJzbGlkZXNob3ciOiI3MTI5NTU2In0%3D\">\n\t\t\t\t\t<div class=\"e-gallery-image elementor-gallery-item__image\" data-thumbnail=\"https:\/\/eventscollection.ma\/wp-content\/uploads\/2022\/01\/stand-300x300.png\" data-width=\"300\" data-height=\"300\" aria-label=\"sonorisation Eclairage \u00e0 Marrakech\" role=\"img\" ><\/div>\n\t\t\t\t\t\t\t\t\t\t\t<div class=\"elementor-gallery-item__overlay\"><\/div>\n\t\t\t\t\t\t\t\t\t\t\t\t\t\t<\/a>\n\t\t\t\t\t<\/div>\n\t\t\t<\/div>\n\t\t\t\t<\/div>\n\t\t\t\t\t<\/div>\n\t\t<\/div>\n\t\t\t\t\t<\/div>\n\t\t<\/section>\n\t\t\t\t<\/div>","protected":false},"excerpt":{"rendered":"<p>Sc\u00e9ne Evenement EVENTSCOLLECTION : votre sp\u00e9cialiste en vente de mat\u00e9riel de sonorisation \u00e0 Marrakech La soci\u00e9t\u00e9 EVENTSCOLLECTION, install\u00e9e \u00e0 Marrakech, est sp\u00e9cialis\u00e9e dans la vente de mat\u00e9riel de sonorisation \u00e0 Marrakech et ses environs.Gage de proximit\u00e9, notre \u00e9quipe de professionnels qualifi\u00e9s se met \u00e0 votre disposition partout AU MAROC.<\/p>","protected":false},"author":0,"featured_media":0,"parent":0,"menu_order":0,"comment_status":"closed","ping_status":"closed","template":"","meta":{"footnotes":""},"class_list":["post-2491","page","type-page","status-publish"],"_links":{"self":[{"href":"https:\/\/eventscollection.ma\/en\/wp-json\/wp\/v2\/pages\/2491","targetHints":{"allow":["GET"]}}],"collection":[{"href":"https:\/\/eventscollection.ma\/en\/wp-json\/wp\/v2\/pages"}],"about":[{"href":"https:\/\/eventscollection.ma\/en\/wp-json\/wp\/v2\/types\/page"}],"replies":[{"embeddable":true,"href":"https:\/\/eventscollection.ma\/en\/wp-json\/wp\/v2\/comments?post=2491"}],"version-history":[{"count":0,"href":"https:\/\/eventscollection.ma\/en\/wp-json\/wp\/v2\/pages\/2491\/revisions"}],"wp:attachment":[{"href":"https:\/\/eventscollection.ma\/en\/wp-json\/wp\/v2\/media?parent=2491"}],"curies":[{"name":"wp","href":"https:\/\/api.w.org\/{rel}","templated":true}]}}